{"id":403,"date":"2024-05-07T10:56:57","date_gmt":"2024-05-07T08:56:57","guid":{"rendered":"https:\/\/sitproject.eu\/privacy-policy\/"},"modified":"2024-05-29T14:15:10","modified_gmt":"2024-05-29T12:15:10","slug":"privacy-policy","status":"publish","type":"page","link":"https:\/\/sitproject.eu\/de\/privacy-policy\/","title":{"rendered":"Privacy Policy"},"content":{"rendered":"<p>Sehr geehrte Nutzerin, sehr geehrter Nutzer, mit dieser Seite m\u00f6chte die Kammer f\u00fcr Handel, Industrie, Handwerk und Landwirtschaft Padua (im Folgenden &#8222;Kammer Padua&#8220;) Ihnen alle Informationen zur Verf\u00fcgung stellen, die gem\u00e4\u00df Art. 13 der Verordnung (EU) 2016\/679 (auch bekannt als GDPR oder General Data Protection Regulation) \u00fcber die Verarbeitung personenbezogener Daten der Besucher dieser Website, die im Rahmen des Projekts &#8222;SiT: Sustainability in TCLF&#8220;, das durch das europ\u00e4ische Programm Erasmus+ \/Alliances for Innovation finanziert wird, durchgef\u00fchrt wird.<\/p>\n<p>&nbsp;<\/p>\n<ol>\n<li><b> F\u00fcr die Datenverarbeitung Verantwortlicher und DSB<\/b><\/li>\n<\/ol>\n<p>Der f\u00fcr die Datenverarbeitung Verantwortliche ist die Handelskammer Padua mit Sitz in Piazza Insurrezione 1\/A, Padua &#8211; PEC cciaa@pd.legalmail.camcom.it.<\/p>\n<p>Zum besseren Schutz der Nutzer hat der f\u00fcr die Verarbeitung Verantwortliche einen eigenen Datenschutzbeauftragten (DSB) ernannt, der unter folgender E-Mail-Adresse zu erreichen ist: <a href=\"mailto:dpo@pd.legalmail.camcom.it\">dpo@pd.legalmail.camcom.it<\/a><\/p>\n<p>&nbsp;<\/p>\n<ol start=\"2\">\n<li><b> Zwecke und Rechtsgrundlagen der Verarbeitung<\/b><\/li>\n<\/ol>\n<p>Die \u00fcber die Website gesammelten personenbezogenen Daten werden in Erf\u00fcllung der Aufgaben von \u00f6ffentlichem Interesse (Art. 6, Abs. 1, Buchstabe e) GDPR), die dem f\u00fcr die Verarbeitung Verantwortlichen im Rahmen des SIT-Projekts \u00fcbertragen wurden, zu folgenden Zwecken verarbeitet:<\/p>\n<p>1) Korrektes technisches Funktionieren der Website, einschlie\u00dflich Kontrollen zur Verhinderung betr\u00fcgerischer Aktivit\u00e4ten;<\/p>\n<p>2) Verwaltung der Informationsanfragen, die durch Ausf\u00fcllen des entsprechenden Formulars auf der Website oder \u00fcber die auf der Website ver\u00f6ffentlichten E-Mail-Adressen eingehen.<\/p>\n<p>Nur mit Ihrer ausdr\u00fccklichen Zustimmung (und auf der Grundlage dieser Zustimmung) aktiviert die Kammer Padua den Newsletter-Service, der \u00fcber die Aktivit\u00e4ten der SiT-Projektpartnerschaft informiert. Die erteilte Zustimmung kann jederzeit widerrufen werden, indem Sie eine Anfrage an die E-Mail Adresse progetti@pd.camcom.it senden.<\/p>\n<p>&nbsp;<\/p>\n<ol start=\"3\">\n<li><b> WEB-Navigationsdaten<\/b><\/li>\n<\/ol>\n<p>Die IT-Systeme und Software-Verfahren, die f\u00fcr den normalen Betrieb dieser Website verwendet werden, erfassen bestimmte personenbezogene Daten, deren \u00dcbermittlung durch die Verwendung von Internet-Kommunikationsprotokollen impliziert ist.<\/p>\n<p>Zu dieser Datenkategorie geh\u00f6ren die IP-Adressen oder Domain-Namen der von den Nutzern verwendeten Computer und Endger\u00e4te, die Adressen in URI\/URL (Uniform Resource Identifier\/Locator) der angeforderten Ressourcen, die Uhrzeit der Anfrage, die f\u00fcr die \u00dcbermittlung der Anfrage an den Server verwendete Methode, die Gr\u00f6\u00dfe der als Antwort erhaltenen Datei, der numerische Code, der den Status der vom Server gegebenen Antwort angibt (erfolgreich, Fehler usw.) sowie andere Parameter, die sich auf das Betriebssystem und die Computerumgebung des Nutzers beziehen.<\/p>\n<p>&nbsp;<\/p>\n<ol start=\"4\">\n<li><b> bevollm\u00e4chtigte Personen, beh\u00f6rdliche Datenschutzbeauftragte und Beg\u00fcnstigte der personenbezogenen Daten<\/b><\/li>\n<\/ol>\n<p>Die personenbezogenen Daten werden von Mitarbeitern der Handelskammer Padua verarbeitet, die zuvor zur Verarbeitung dieser Daten erm\u00e4chtigt und speziell geschult wurden.<\/p>\n<p>Dieselben Daten k\u00f6nnen auch von externen Personen verarbeitet werden, die von der Handelskammer Padua formell als Datenverarbeiter ernannt wurden, darunter:<\/p>\n<p>-Unternehmen, die Wartungsdienstleistungen f\u00fcr die Website und die IT-Systeme erbringen;<\/p>\n<p>-Unternehmen, die telematische Kommunikationsdienste und insbesondere E-Mails anbieten.<\/p>\n<p>Die Daten k\u00f6nnen auch an die SiT-Projektpartner \u00fcbermittelt werden, die als autonome Datenverantwortliche handeln.<\/p>\n<ol start=\"5\">\n<li><b> Aufbewahrungsfrist der Daten<\/b><\/li>\n<\/ol>\n<p>Was die unter Punkt 2, Nr. 1 erhobenen Navigationsdaten betrifft, so werden diese Daten nur f\u00fcr die Dauer der Nutzung der Website gespeichert.<\/p>\n<p>Hinsichtlich der Daten, die zu dem unter Punkt 2, Nr. 2 genannten Zweck verarbeitet werden, werden die personenbezogenen Daten f\u00fcr 5 Jahre nach Beendigung des SiT-Projekts aufbewahrt.<\/p>\n<p>Im Falle des Abonnements des Newsletters werden Ihre Kontaktdaten f\u00fcr 5 Jahre nach Beendigung des SiT-Projekts aufbewahrt oder bis Sie jederzeit die L\u00f6schung Ihrer Daten verlangen.<\/p>\n<p><b>6. Datenbereitstellung und Folgen der Nichtbereitstellung von Daten<\/b><\/p>\n<p>F\u00fcr Punkt 2, num. 1: Die Bereitstellung der Daten ist notwendig und nicht optional.<\/p>\n<p>Unter Punkt 2, Ziffer 2, ist die Angabe von Daten in den mit einem Sternchen (*) gekennzeichneten Feldern erforderlich, w\u00e4hrend sie in allen anderen Feldern freiwillig ist. Werden fakultative Angaben nicht gemacht, kann dies zu einer weniger pr\u00e4zisen und umst\u00e4ndlichen Antwort f\u00fchren.<\/p>\n<p>Um den Newsletter zu abonnieren, ist die Angabe von Daten erforderlich (fakultativ und jederzeit widerrufbar). Die Nichtbereitstellung der bei der Registrierung abgefragten Daten &#8211; oder die fehlende Einwilligung in deren Verarbeitung &#8211; verhindert die Registrierung selbst.<\/p>\n<ol start=\"7\">\n<li><b> Ihre RECHTE<\/b><\/li>\n<\/ol>\n<p>Die Verordnung (EU) 2016\/679 r\u00e4umt Ihnen als betroffene Person verschiedene Rechte ein, die Sie aus\u00fcben k\u00f6nnen, indem Sie sich an den f\u00fcr die Verarbeitung Verantwortlichen oder den DSB wenden (Kontaktdaten siehe Punkt 1 dieses Hinweises).<\/p>\n<p>Zu den vorgesehenen Rechten, die ausge\u00fcbt werden k\u00f6nnen, geh\u00f6ren<\/p>\n<p>&#8211; das Recht zu erfahren, ob die Handelskammer Padua personenbezogene Daten verarbeitet, und, falls dies der Fall ist, Zugang zu den verarbeiteten Daten und zu allen damit zusammenh\u00e4ngenden Informationen zu erhalten<\/p>\n<p>&#8211; das Recht, unrichtige personenbezogene Daten zu berichtigen und\/oder unvollst\u00e4ndige personenbezogene Daten zu vervollst\u00e4ndigen\/berichtigte Daten zu erhalten<\/p>\n<p>&#8211; das Recht auf L\u00f6schung der personenbezogenen Daten<\/p>\n<p>&#8211; das Recht auf Einschr\u00e4nkung der Verarbeitung<\/p>\n<p>&#8211; das Recht auf Widerspruch gegen die Verarbeitung;<\/p>\n<p>&#8211; das Recht auf \u00dcbertragbarkeit der personenbezogenen Daten;<\/p>\n<p>&#8211; das Recht, die Einwilligung jederzeit zu widerrufen, unbeschadet der Rechtm\u00e4\u00dfigkeit der auf der Einwilligung beruhenden Verarbeitung, die vor dem Widerruf erfolgt ist.<\/p>\n<p>In jedem Fall haben Sie auch das Recht, eine f\u00f6rmliche Beschwerde bei der Datenschutzbeh\u00f6rde einzureichen, und zwar gem\u00e4\u00df den Verfahren, die Sie unter dem folgenden Link finden: https:\/\/www.garanteprivacy.it\/home\/modulistica-e-servizi-online\/reclamo.<\/p>\n<p>F\u00fcr weitere Informationen \u00fcber Ihre Rechte k\u00f6nnen Sie sich direkt an den f\u00fcr die Verarbeitung Verantwortlichen oder den DSB wenden oder die offiziellen Seiten der Aufsichtsbeh\u00f6rde https:\/\/www.garanteprivacy.it\/home\/diritti und https:\/\/www.garanteprivacy.it\/web\/guest\/regolamentoue\/diritti-degli-interessati konsultieren.<\/p>\n<p>&nbsp;<\/p>\n<p><b>COOKIES<\/b><\/p>\n<p>Cookies sind kleine Textdateien, die von einer von Ihnen besuchten Website an Ihren Browser gesendet werden. Sie helfen der Website, sich an Informationen \u00fcber Ihren Besuch zu erinnern, was sowohl den erneuten Besuch der Website erleichtern, als auch den Nutzen der Website f\u00fcr Sie erh\u00f6hen kann.<\/p>\n<p>Diese Website verwendet nur &#8222;technische&#8220; Cookies, die keine Erfassung der Identifikationsdaten des Nutzers erm\u00f6glichen, wie im Folgenden n\u00e4her beschrieben:<\/p>\n<p>&#8211; Sitzungscookies: werden verwendet, um eine normale Navigation und Nutzung der Website zu gew\u00e4hrleisten; ihre Verwendung ist streng auf die \u00dcbertragung von Sitzungskennungen (bestehend aus vom Server generierten Zufallszahlen) beschr\u00e4nkt, die f\u00fcr eine sichere und effiziente Erkundung der Website erforderlich sind;<\/p>\n<p>&#8211; Funktionalit\u00e4ts-Cookies: Sie werden verwendet, um dem Benutzer die Navigation auf der Website nach einer Reihe ausgew\u00e4hlter Kriterien (wie z. B. der gew\u00e4hlten Sprache) zu erm\u00f6glichen, um den Service zu verbessern.<\/p>\n<p>Es ist jedoch m\u00f6glich, Cookies in den wichtigsten Browsern einzeln zu deaktivieren oder zu l\u00f6schen:<\/p>\n<p><b>Google Chrome<\/b><\/p>\n<p>F\u00fcr Informationen zum L\u00f6schen von Cookies klicken Sie auf den folgenden Link:<\/p>\n<p><a href=\"https:\/\/support.google.com\/chrome\/answer\/95647?co=GENIE.Platform%3DDesktop&amp;hl=it\">https:\/\/support.google.com\/chrome\/answer\/95647?co=GENIE.Platform%3DDesktop&amp;hl=it<\/a><\/p>\n<p>F\u00fcr Informationen \u00fcber die Deaktivierung von Cookies klicken Sie auf den folgenden Link: <a href=\"https:\/\/support.google.com\/accounts\/answer\/61416?co=GENIE.Platform%3DDesktop&amp;hl=it\">https:\/\/support.google.com\/accounts\/answer\/61416?co=GENIE.Platform%3DDesktop&amp;hl=it<\/a><\/p>\n<p><b>Microsoft Edge<\/b><\/p>\n<p>F\u00fcr Informationen zum L\u00f6schen von Cookies klicken Sie auf den folgenden Link:<\/p>\n<p><a href=\"https:\/\/support.microsoft.com\/it-it\/help\/4027947\/windows-delete-cookies\">https:\/\/support.microsoft.com\/it-it\/help\/4027947\/windows-delete-cookies<\/a><\/p>\n<p>F\u00fcr Informationen \u00fcber die Deaktivierung von Cookies klicken Sie auf den folgenden Link: <a href=\"https:\/\/privacy.microsoft.com\/it-it\/windows-10-microsoft-edge-and-privacy\">https:\/\/privacy.microsoft.com\/it-it\/windows-10-microsoft-edge-and-privacy<\/a><\/p>\n<p><b>Microsoft Internet Explorer<\/b><\/p>\n<p>F\u00fcr Informationen zum L\u00f6schen von Cookies klicken Sie auf den folgenden Link:<\/p>\n<p>https:\/\/support.microsoft.com\/it-it\/help\/278835\/how-to-delete-cookie-files-in-internet-explorer<\/p>\n<p>F\u00fcr Informationen \u00fcber die Deaktivierung von Cookies klicken Sie auf den folgenden Link: <a href=\"https:\/\/support.microsoft.com\/it-it\/help\/17442\/windows-internet-explorer-delete-manage-cookies\">https:\/\/support.microsoft.com\/it-it\/help\/17442\/windows-internet-explorer-delete-manage-cookies<br \/>\n<\/a><\/p>\n<p><b><\/b><b>Mozilla Firefox<\/b><\/p>\n<p>F\u00fcr Informationen zum L\u00f6schen von Cookies, klicken Sie auf den folgenden Link:<\/p>\n<p>https:\/\/support.mozilla.org\/it\/kb\/Eliminare%20i%20cookie<\/p>\n<p>F\u00fcr Informationen \u00fcber die Deaktivierung von Cookies klicken Sie auf den folgenden Link: <a href=\"https:\/\/support.mozilla.org\/it\/kb\/Bloccare%20i%20cookie\">https:\/\/support.mozilla.org\/it\/kb\/Bloccare%20i%20cookie<\/p>\n<p><\/a><b>Opera<\/b><\/p>\n<p>F\u00fcr Informationen zum L\u00f6schen oder Deaktivierung von Cookies, klicken Sie auf den folgenden Link:<\/p>\n<p><a href=\"https:\/\/www.opera.com\/help\/tutorials\/security\/privacy\/\">https:\/\/www.opera.com\/help\/tutorials\/security\/privacy\/<\/a><\/p>\n<p><b>Safari f\u00fcr MacOS<\/b><\/p>\n<p>F\u00fcr Informationen zum L\u00f6schen oder Deaktivierung von Cookies, klicken Sie auf den folgenden Link:<\/p>\n<p><a href=\"https:\/\/support.apple.com\/it-it\/guide\/safari\/sfri11471\/mac\">https:\/\/support.apple.com\/it-it\/guide\/safari\/sfri11471\/mac<\/a><\/p>\n<p>&nbsp;<\/p>\n<p><i>Die Datenschutzerkl\u00e4rung wurde am 16. Mai 2024 aktualisiert.<\/i><\/p>\n<p>&nbsp;<\/p>\n","protected":false},"excerpt":{"rendered":"<p>Sehr geehrte Nutzerin, sehr geehrter Nutzer, mit dieser Seite m\u00f6chte die Kammer f\u00fcr Handel, Industrie, Handwerk und Landwirtschaft Padua (im Folgenden &#8222;Kammer Padua&#8220;) Ihnen alle Informationen<span class=\"excerpt-hellip\"> [\u2026]<\/span><\/p>\n","protected":false},"author":1,"featured_media":0,"parent":0,"menu_order":0,"comment_status":"closed","ping_status":"closed","template":"","meta":{"_acf_changed":false,"footnotes":""},"class_list":["post-403","page","type-page","status-publish","hentry"],"acf":[],"yoast_head":"<!-- This site is optimized with the Yoast SEO plugin v26.2 - https:\/\/yoast.com\/wordpress\/plugins\/seo\/ -->\n<title>Privacy Policy - SITPROJECT<\/title>\n<meta name=\"robots\" content=\"index, follow, max-snippet:-1, max-image-preview:large, max-video-preview:-1\" \/>\n<link rel=\"canonical\" href=\"https:\/\/sitproject.eu\/de\/privacy-policy\/\" \/>\n<meta property=\"og:locale\" content=\"de_DE\" \/>\n<meta property=\"og:type\" content=\"article\" \/>\n<meta property=\"og:title\" content=\"Privacy Policy - SITPROJECT\" \/>\n<meta property=\"og:description\" content=\"Sehr geehrte Nutzerin, sehr geehrter Nutzer, mit dieser Seite m\u00f6chte die Kammer f\u00fcr Handel, Industrie, Handwerk und Landwirtschaft Padua (im Folgenden &#8222;Kammer Padua&#8220;) Ihnen alle Informationen [\u2026]\" \/>\n<meta property=\"og:url\" content=\"https:\/\/sitproject.eu\/de\/privacy-policy\/\" \/>\n<meta property=\"og:site_name\" content=\"SITPROJECT\" \/>\n<meta property=\"article:modified_time\" content=\"2024-05-29T12:15:10+00:00\" \/>\n<meta name=\"twitter:card\" content=\"summary_large_image\" \/>\n<meta name=\"twitter:label1\" content=\"Gesch\u00e4tzte Lesezeit\" \/>\n\t<meta name=\"twitter:data1\" content=\"7\u00a0Minuten\" \/>\n<script type=\"application\/ld+json\" class=\"yoast-schema-graph\">{\"@context\":\"https:\/\/schema.org\",\"@graph\":[{\"@type\":\"WebPage\",\"@id\":\"https:\/\/sitproject.eu\/de\/privacy-policy\/\",\"url\":\"https:\/\/sitproject.eu\/de\/privacy-policy\/\",\"name\":\"Privacy Policy - SITPROJECT\",\"isPartOf\":{\"@id\":\"https:\/\/sitproject.eu\/de\/#website\"},\"datePublished\":\"2024-05-07T08:56:57+00:00\",\"dateModified\":\"2024-05-29T12:15:10+00:00\",\"breadcrumb\":{\"@id\":\"https:\/\/sitproject.eu\/de\/privacy-policy\/#breadcrumb\"},\"inLanguage\":\"de\",\"potentialAction\":[{\"@type\":\"ReadAction\",\"target\":[\"https:\/\/sitproject.eu\/de\/privacy-policy\/\"]}]},{\"@type\":\"BreadcrumbList\",\"@id\":\"https:\/\/sitproject.eu\/de\/privacy-policy\/#breadcrumb\",\"itemListElement\":[{\"@type\":\"ListItem\",\"position\":1,\"name\":\"Home\",\"item\":\"https:\/\/sitproject.eu\/de\/\"},{\"@type\":\"ListItem\",\"position\":2,\"name\":\"Privacy Policy\"}]},{\"@type\":\"WebSite\",\"@id\":\"https:\/\/sitproject.eu\/de\/#website\",\"url\":\"https:\/\/sitproject.eu\/de\/\",\"name\":\"SITPROJECT\",\"description\":\"SUSTAINABILITY IN TCLF - Textiles, Clothing, Leather, and Footwear sectors\",\"potentialAction\":[{\"@type\":\"SearchAction\",\"target\":{\"@type\":\"EntryPoint\",\"urlTemplate\":\"https:\/\/sitproject.eu\/de\/?s={search_term_string}\"},\"query-input\":{\"@type\":\"PropertyValueSpecification\",\"valueRequired\":true,\"valueName\":\"search_term_string\"}}],\"inLanguage\":\"de\"}]}<\/script>\n<!-- \/ Yoast SEO plugin. -->","yoast_head_json":{"title":"Privacy Policy - SITPROJECT","robots":{"index":"index","follow":"follow","max-snippet":"max-snippet:-1","max-image-preview":"max-image-preview:large","max-video-preview":"max-video-preview:-1"},"canonical":"https:\/\/sitproject.eu\/de\/privacy-policy\/","og_locale":"de_DE","og_type":"article","og_title":"Privacy Policy - SITPROJECT","og_description":"Sehr geehrte Nutzerin, sehr geehrter Nutzer, mit dieser Seite m\u00f6chte die Kammer f\u00fcr Handel, Industrie, Handwerk und Landwirtschaft Padua (im Folgenden &#8222;Kammer Padua&#8220;) Ihnen alle Informationen [\u2026]","og_url":"https:\/\/sitproject.eu\/de\/privacy-policy\/","og_site_name":"SITPROJECT","article_modified_time":"2024-05-29T12:15:10+00:00","twitter_card":"summary_large_image","twitter_misc":{"Gesch\u00e4tzte Lesezeit":"7\u00a0Minuten"},"schema":{"@context":"https:\/\/schema.org","@graph":[{"@type":"WebPage","@id":"https:\/\/sitproject.eu\/de\/privacy-policy\/","url":"https:\/\/sitproject.eu\/de\/privacy-policy\/","name":"Privacy Policy - SITPROJECT","isPartOf":{"@id":"https:\/\/sitproject.eu\/de\/#website"},"datePublished":"2024-05-07T08:56:57+00:00","dateModified":"2024-05-29T12:15:10+00:00","breadcrumb":{"@id":"https:\/\/sitproject.eu\/de\/privacy-policy\/#breadcrumb"},"inLanguage":"de","potentialAction":[{"@type":"ReadAction","target":["https:\/\/sitproject.eu\/de\/privacy-policy\/"]}]},{"@type":"BreadcrumbList","@id":"https:\/\/sitproject.eu\/de\/privacy-policy\/#breadcrumb","itemListElement":[{"@type":"ListItem","position":1,"name":"Home","item":"https:\/\/sitproject.eu\/de\/"},{"@type":"ListItem","position":2,"name":"Privacy Policy"}]},{"@type":"WebSite","@id":"https:\/\/sitproject.eu\/de\/#website","url":"https:\/\/sitproject.eu\/de\/","name":"SITPROJECT","description":"SUSTAINABILITY IN TCLF - Textiles, Clothing, Leather, and Footwear sectors","potentialAction":[{"@type":"SearchAction","target":{"@type":"EntryPoint","urlTemplate":"https:\/\/sitproject.eu\/de\/?s={search_term_string}"},"query-input":{"@type":"PropertyValueSpecification","valueRequired":true,"valueName":"search_term_string"}}],"inLanguage":"de"}]}},"_links":{"self":[{"href":"https:\/\/sitproject.eu\/de\/wp-json\/wp\/v2\/pages\/403","targetHints":{"allow":["GET"]}}],"collection":[{"href":"https:\/\/sitproject.eu\/de\/wp-json\/wp\/v2\/pages"}],"about":[{"href":"https:\/\/sitproject.eu\/de\/wp-json\/wp\/v2\/types\/page"}],"author":[{"embeddable":true,"href":"https:\/\/sitproject.eu\/de\/wp-json\/wp\/v2\/users\/1"}],"replies":[{"embeddable":true,"href":"https:\/\/sitproject.eu\/de\/wp-json\/wp\/v2\/comments?post=403"}],"version-history":[{"count":5,"href":"https:\/\/sitproject.eu\/de\/wp-json\/wp\/v2\/pages\/403\/revisions"}],"predecessor-version":[{"id":834,"href":"https:\/\/sitproject.eu\/de\/wp-json\/wp\/v2\/pages\/403\/revisions\/834"}],"wp:attachment":[{"href":"https:\/\/sitproject.eu\/de\/wp-json\/wp\/v2\/media?parent=403"}],"curies":[{"name":"wp","href":"https:\/\/api.w.org\/{rel}","templated":true}]}}