{"id":402,"date":"2024-05-07T10:56:57","date_gmt":"2024-05-07T08:56:57","guid":{"rendered":"https:\/\/sitproject.eu\/privacy-policy\/"},"modified":"2024-05-29T14:12:49","modified_gmt":"2024-05-29T12:12:49","slug":"privaatsus-ja-kupsisepoliitika","status":"publish","type":"page","link":"https:\/\/sitproject.eu\/et\/privaatsus-ja-kupsisepoliitika\/","title":{"rendered":"PRIVAATSUS- JA K\u00dcPSISEPOLIITIKA"},"content":{"rendered":"<p>Lugupeetud k\u00fclastaja, sellel lehel soovib Padova Kaubandus-, T\u00f6\u00f6stus-, K\u00e4sit\u00f6\u00f6- ja P\u00f5llumajanduskoda (edaspidi Padova Koda) anda teile kogu informatsiooni vastavalt EL m\u00e4\u00e4ruse 2016\/679 artiklile 13 (tuntud ka kui GDPR ehk \u00fcldine andmekaitsem\u00e4\u00e4rus) seoses selle veebilehe k\u00fclastajate isikuandmete t\u00f6\u00f6tlemisega, mis toimub &#8220;SiT: J\u00e4tkusuutlikkus TCLF-is&#8221; projekti raames, mida rahastatakse Euroopa programmist Erasmus+ \/ Innovatsiooni Liidud.<\/p>\n<p>&nbsp;<\/p>\n<ol>\n<li><strong>Andmete vastutav t\u00f6\u00f6tleja ja andmekaitsespetsialist (DPO)<\/strong><\/li>\n<\/ol>\n<p>Andmete vastutav t\u00f6\u00f6tleja on Padova Kaubanduskoda, aadressiga Piazza Insurrezione 1\/A, Padova &#8211; PEC cciaa@pd.legalmail.camcom.it.<\/p>\n<p>K\u00fclastajate paremaks kaitsmiseks on andmete vastutav t\u00f6\u00f6tleja m\u00e4\u00e4ranud oma andmekaitsespetsialisti (DPO), kellega saab \u00fchendust v\u00f5tta j\u00e4rgmisel e-posti aadressil: dpo@pd.legalmail.camcom.it.<\/p>\n<p>&nbsp;<\/p>\n<ol start=\"2\">\n<li><strong>T\u00f6\u00f6tlemise eesm\u00e4rgid ja \u00f5iguslikud alused<\/strong><\/li>\n<\/ol>\n<p>Veebilehe sirvimisel kogutud isikuandmeid t\u00f6\u00f6deldakse, t\u00e4ites avaliku huvi \u00fclesandeid (GDPR art. 6, l\u00f5ige 1, punkt e), mis on m\u00e4\u00e4ratud andmete vastutavale t\u00f6\u00f6tlejale SiT projekti raames, j\u00e4rgmisteks eesm\u00e4rkideks:<\/p>\n<ol>\n<li aria-level=\"1\">veebilehe korrektne tehniline toimimine, sealhulgas pettuste ennetamise kontrollid;<\/li>\n<li aria-level=\"1\">teaben\u00f5uete haldamine, mis saadakse veebilehe spetsiaalse vormi kaudu v\u00f5i avaldatud e-posti aadresside kaudu.<\/li>\n<\/ol>\n<p>Ainult teie selges\u00f5nalisel n\u00f5usolekul (ja selle alusel) aktiveerib Padova Koda uudiskirja teenuse, andes teavet SiT projekti partnerluse tegevuste kohta. Antud n\u00f5usolek on igal ajal t\u00fchistatav, saates taotluse aadressile: progetti@pd.camcom.it.<\/p>\n<p>&nbsp;<\/p>\n<ol start=\"3\">\n<li><strong>Veebisirvimise andmed<\/strong><\/li>\n<\/ol>\n<p>Selle veebilehe tavap\u00e4raseks toimimiseks kasutatavad IT-s\u00fcsteemid ja tarkvaraprotseduurid koguvad teatud isikuandmeid, mille edastamine on interneti kommunikatsiooniprotokollide kasutamisel vaikimisi.<\/p>\n<p>Sellesse andmekategooriasse kuuluvad IP-aadressid v\u00f5i kasutajate arvutite ja terminalide domeeninimed, n\u00f5utud ressursside URI\/URL (Uniform Resource Identifier\/Locator) aadressid, p\u00e4ringu aeg, meetod, mida kasutati p\u00e4ringu esitamiseks serverile, vastuseks saadud faili suurus, numbriline kood, mis n\u00e4itab serveri vastuse olekut (\u00f5nnestus, viga jne) ja muud parameetrid, mis on seotud kasutaja operatsioonis\u00fcsteemi ja arvuti keskkonnaga.<\/p>\n<p>&nbsp;<\/p>\n<ol start=\"4\">\n<li><strong>Volitatud isikud, DPOd ja isikuandmete saajad<\/strong><\/li>\n<\/ol>\n<p>Isikuandmeid t\u00f6\u00f6tleb Padova Kaubanduskoja t\u00f6\u00f6taja, kes on eelnevalt volitatud ja spetsiaalselt koolitatud.<\/p>\n<p>Samu andmeid v\u00f5ivad t\u00f6\u00f6delda v\u00e4lised isikud, kelle Padova Koda on formaalselt m\u00e4\u00e4ranud andmet\u00f6\u00f6tlejateks, sealhulgas:<\/p>\n<ul>\n<li aria-level=\"1\">ettev\u00f5tted, kes pakuvad veebilehe ja IT-s\u00fcsteemide hooldusteenuseid;<\/li>\n<li aria-level=\"1\">ettev\u00f5tted, kes pakuvad telekommunikatsiooniteenuseid ja eriti e-posti.<\/li>\n<\/ul>\n<p>Andmeid v\u00f5idakse edastada ka SiT projekti partneritele, kes tegutsevad s\u00f5ltumatute andmete vastutavate t\u00f6\u00f6tlejatena.<\/p>\n<p>&nbsp;<\/p>\n<ol start=\"5\">\n<li><strong>Andmete s\u00e4ilitamise periood<\/strong><\/li>\n<\/ol>\n<p>Veebisirvimise andmete osas, mis on kogutud punkti 2, nr 1 alusel, s\u00e4ilitatakse neid andmeid ainult veebilehe kasutamise seansi ajal.<\/p>\n<p>Punktis 2, nr 2 osutatud eesm\u00e4rgil t\u00f6\u00f6deldud isikuandmeid s\u00e4ilitatakse 5 aastat p\u00e4rast SiT projekti l\u00f5ppu.<\/p>\n<p>Uudiskirja tellimise korral s\u00e4ilitatakse teie kontaktandmeid 5 aastat p\u00e4rast SiT projekti l\u00f5ppu v\u00f5i kuni te n\u00f5uate oma andmete kustutamist.<\/p>\n<p>&nbsp;<\/p>\n<ol start=\"6\">\n<li><strong>Andmete esitamine ja tagaj\u00e4rjed andmete esitamata j\u00e4tmisel<\/strong><\/li>\n<\/ol>\n<p>Punktis 2, nr 1, on andmete esitamine kohustuslik ja mitte vabatahtlik.<\/p>\n<p>Punktis 2, nr 2 osas on andmete esitamine kohustuslik ainult t\u00e4rniga (*) t\u00e4histatud v\u00e4ljade osas, samas kui k\u00f5ik teised v\u00e4ljad on vabatahtlikud. Vabatahtlike andmete esitamata j\u00e4tmine v\u00f5ib kaasa tuua v\u00e4hem t\u00e4pse ja p\u00f5hjaliku vastuse.<\/p>\n<p>Uudiskirja tellimiseks on andmete esitamine vajalik uudiskirja tellimiseks (vabatahtlik ja igal ajal t\u00fchistatav). Registreerimise ajal n\u00f5utud andmete esitamata j\u00e4tmine v\u00f5i nende t\u00f6\u00f6tlemiseks n\u00f5usoleku andmata j\u00e4tmine takistab registreerimist.<\/p>\n<p>&nbsp;<\/p>\n<ol start=\"7\">\n<li><strong>Teie \u00f5igused<\/strong><\/li>\n<\/ol>\n<p>EL m\u00e4\u00e4rus 2016\/679 annab teile kui andmesubjektile mitmesuguseid \u00f5igusi, mida saate kasutada, v\u00f5ttes \u00fchendust andmete vastutava t\u00f6\u00f6tleja v\u00f5i DPO-ga (kontaktandmed on esitatud k\u00e4esoleva teate punktis 1).<\/p>\n<p>Eeldatavate \u00f5iguste hulka kuuluvad:<\/p>\n<ul>\n<li aria-level=\"1\">\u00f5igus teada, kas Padova Kaubanduskoda t\u00f6\u00f6tleb isikuandmeid ja kui jah, siis juurdep\u00e4\u00e4s t\u00f6\u00f6deldavatele andmetele ja kogu seotud teabele;<\/li>\n<li aria-level=\"1\">\u00f5igus ebat\u00e4psete isikuandmete parandamisele ja\/v\u00f5i puudulike isikuandmete t\u00e4iendamisele;<\/li>\n<li aria-level=\"1\">\u00f5igus isikuandmete kustutamisele;<\/li>\n<li aria-level=\"1\">\u00f5igus t\u00f6\u00f6tlemise piiramisele;<\/li>\n<li aria-level=\"1\">\u00f5igus t\u00f6\u00f6tlemisele vastuv\u00e4ite esitamiseks;<\/li>\n<li aria-level=\"1\">\u00f5igus isikuandmete \u00fclekantavusele;<\/li>\n<li aria-level=\"1\">\u00f5igus n\u00f5usoleku igal ajal tagasi v\u00f5tta, ilma et see m\u00f5jutaks n\u00f5usoleku alusel enne t\u00fchistamist toimunud t\u00f6\u00f6tlemise seaduslikkust.<\/li>\n<\/ul>\n<p>Igal juhul on teil \u00f5igus esitada ka ametlik kaebus Isikuandmete Kaitse Ametile vastavalt protseduuridele, mida leiate j\u00e4rgmiselt lingilt: https:\/\/www.garanteprivacy.it\/home\/modulistica-e-servizi-online\/reclamo.<\/p>\n<p>Lisateabe saamiseks oma \u00f5iguste kohta v\u00f5ite p\u00f6\u00f6rduda otse andmete vastutava t\u00f6\u00f6tleja v\u00f5i DPO poole v\u00f5i tutvuda j\u00e4relevalveameti ametlike lehtedega: https:\/\/www.garanteprivacy.it\/home\/diritti ja https:\/\/www.garanteprivacy.it\/web\/guest\/regolamentoue\/diritti-degli-interessati.<\/p>\n<p>&nbsp;<\/p>\n<p><b>K\u00dcPSISED<\/b><\/p>\n<p>K\u00fcpsised on v\u00e4ikesed tekstijupid, mida veebileht saadab teie brauserisse teie k\u00fclastuse ajal. Need aitavad veebilehel m\u00e4letada teavet teie k\u00fclastuse kohta, mis v\u00f5ib muuta saidi uuesti k\u00fclastamise lihtsamaks ja kasulikumaks.<\/p>\n<p>See veebileht kasutab ainult &#8220;tehnilisi&#8221; k\u00fcpsiseid, mis ei v\u00f5imalda kasutaja identifitseerimisandmete omandamist, nagu allpool parem kirjeldatud:<\/p>\n<ul>\n<li aria-level=\"1\">sessioonik\u00fcpsised: kasutatakse veebilehe normaalseks navigeerimiseks ja kasutamiseks; nende kasutamine on rangelt piiratud sessioonitunnuste edastamisega (koosnedes serveri poolt juhuslikult genereeritud numbritest), mis on vajalikud veebilehe turvaliseks ja t\u00f5husaks uurimiseks;<\/li>\n<li aria-level=\"1\">funktsionaalsed k\u00fcpsised: kasutatakse kasutaja v\u00f5imaldamiseks navigeerida saidil vastavalt valitud kriteeriumidele (n\u00e4iteks valitud keel), et parandada teenust.<\/li>\n<\/ul>\n<p>Siiski on v\u00f5imalik deaktiveerida v\u00f5i kustutada k\u00fcpsiseid peamistes brauserites:<\/p>\n<p>&nbsp;<\/p>\n<p><strong>Google Chrome<\/strong><\/p>\n<p>Teave k\u00fcpsiste kustutamise kohta leiate j\u00e4rgmiselt lingilt:<\/p>\n<p>https:\/\/support.google.com\/chrome\/answer\/95647?co=GENIE.Platform%3DDesktop&#038;hl=it<\/p>\n<p>Teave k\u00fcpsiste keelamise kohta leiate j\u00e4rgmiselt lingilt:<\/p>\n<p>https:\/\/support.google.com\/accounts\/answer\/61416?co=GENIE.Platform%3DDesktop&#038;hl=it<\/p>\n<p>&nbsp;<\/p>\n<p><strong>Microsoft Edge<\/strong><\/p>\n<p>Teave k\u00fcpsiste kustutamise kohta leiate j\u00e4rgmiselt lingilt:<\/p>\n<p>https:\/\/support.microsoft.com\/it-it\/help\/4027947\/windows-delete-cookies<\/p>\n<p>Teave k\u00fcpsiste keelamise kohta leiate j\u00e4rgmiselt lingilt:<\/p>\n<p>https:\/\/privacy.microsoft.com\/it-it\/windows-10-microsoft-edge-and-privacy<\/p>\n<p>&nbsp;<\/p>\n<p><strong>Microsoft Internet Explorer<\/strong><\/p>\n<p>Teave k\u00fcpsiste kustutamise kohta leiate j\u00e4rgmiselt lingilt:<\/p>\n<p>https:\/\/support.microsoft.com\/it-it\/help\/278835\/how-to-delete-cookie-files-in-internet-explorer<\/p>\n<p>Teave k\u00fcpsiste keelamise kohta leiate j\u00e4rgmiselt lingilt:<\/p>\n<p>https:\/\/support.microsoft.com\/it-it\/help\/17442\/windows<\/p>\n<p>&nbsp;<\/p>\n","protected":false},"excerpt":{"rendered":"<p>Lugupeetud k\u00fclastaja, sellel lehel soovib Padova Kaubandus-, T\u00f6\u00f6stus-, K\u00e4sit\u00f6\u00f6- ja P\u00f5llumajanduskoda (edaspidi Padova Koda) anda teile kogu informatsiooni vastavalt EL m\u00e4\u00e4ruse 2016\/679 artiklile 13 (tuntud ka<span class=\"excerpt-hellip\"> [\u2026]<\/span><\/p>\n","protected":false},"author":1,"featured_media":0,"parent":0,"menu_order":0,"comment_status":"closed","ping_status":"closed","template":"","meta":{"_acf_changed":false,"footnotes":""},"class_list":["post-402","page","type-page","status-publish","hentry"],"acf":[],"yoast_head":"<!-- This site is optimized with the Yoast SEO plugin v26.2 - https:\/\/yoast.com\/wordpress\/plugins\/seo\/ -->\n<title>PRIVAATSUS- JA K\u00dcPSISEPOLIITIKA - SITPROJECT<\/title>\n<meta name=\"robots\" content=\"index, follow, max-snippet:-1, max-image-preview:large, max-video-preview:-1\" \/>\n<link rel=\"canonical\" href=\"https:\/\/sitproject.eu\/et\/privaatsus-ja-kupsisepoliitika\/\" \/>\n<meta property=\"og:locale\" content=\"et_EE\" \/>\n<meta property=\"og:type\" content=\"article\" \/>\n<meta property=\"og:title\" content=\"PRIVAATSUS- JA K\u00dcPSISEPOLIITIKA - SITPROJECT\" \/>\n<meta property=\"og:description\" content=\"Lugupeetud k\u00fclastaja, sellel lehel soovib Padova Kaubandus-, T\u00f6\u00f6stus-, K\u00e4sit\u00f6\u00f6- ja P\u00f5llumajanduskoda (edaspidi Padova Koda) anda teile kogu informatsiooni vastavalt EL m\u00e4\u00e4ruse 2016\/679 artiklile 13 (tuntud ka [\u2026]\" \/>\n<meta property=\"og:url\" content=\"https:\/\/sitproject.eu\/et\/privaatsus-ja-kupsisepoliitika\/\" \/>\n<meta property=\"og:site_name\" content=\"SITPROJECT\" \/>\n<meta property=\"article:modified_time\" content=\"2024-05-29T12:12:49+00:00\" \/>\n<meta name=\"twitter:card\" content=\"summary_large_image\" \/>\n<meta name=\"twitter:label1\" content=\"Est. reading time\" \/>\n\t<meta name=\"twitter:data1\" content=\"4 minutit\" \/>\n<script type=\"application\/ld+json\" class=\"yoast-schema-graph\">{\"@context\":\"https:\/\/schema.org\",\"@graph\":[{\"@type\":\"WebPage\",\"@id\":\"https:\/\/sitproject.eu\/et\/privaatsus-ja-kupsisepoliitika\/\",\"url\":\"https:\/\/sitproject.eu\/et\/privaatsus-ja-kupsisepoliitika\/\",\"name\":\"PRIVAATSUS- JA K\u00dcPSISEPOLIITIKA - SITPROJECT\",\"isPartOf\":{\"@id\":\"https:\/\/sitproject.eu\/et\/#website\"},\"datePublished\":\"2024-05-07T08:56:57+00:00\",\"dateModified\":\"2024-05-29T12:12:49+00:00\",\"breadcrumb\":{\"@id\":\"https:\/\/sitproject.eu\/et\/privaatsus-ja-kupsisepoliitika\/#breadcrumb\"},\"inLanguage\":\"et\",\"potentialAction\":[{\"@type\":\"ReadAction\",\"target\":[\"https:\/\/sitproject.eu\/et\/privaatsus-ja-kupsisepoliitika\/\"]}]},{\"@type\":\"BreadcrumbList\",\"@id\":\"https:\/\/sitproject.eu\/et\/privaatsus-ja-kupsisepoliitika\/#breadcrumb\",\"itemListElement\":[{\"@type\":\"ListItem\",\"position\":1,\"name\":\"Home\",\"item\":\"https:\/\/sitproject.eu\/et\/\"},{\"@type\":\"ListItem\",\"position\":2,\"name\":\"PRIVAATSUS- JA K\u00dcPSISEPOLIITIKA\"}]},{\"@type\":\"WebSite\",\"@id\":\"https:\/\/sitproject.eu\/et\/#website\",\"url\":\"https:\/\/sitproject.eu\/et\/\",\"name\":\"SITPROJECT\",\"description\":\"SUSTAINABILITY IN TCLF - Textiles, Clothing, Leather, and Footwear sectors\",\"potentialAction\":[{\"@type\":\"SearchAction\",\"target\":{\"@type\":\"EntryPoint\",\"urlTemplate\":\"https:\/\/sitproject.eu\/et\/?s={search_term_string}\"},\"query-input\":{\"@type\":\"PropertyValueSpecification\",\"valueRequired\":true,\"valueName\":\"search_term_string\"}}],\"inLanguage\":\"et\"}]}<\/script>\n<!-- \/ Yoast SEO plugin. -->","yoast_head_json":{"title":"PRIVAATSUS- JA K\u00dcPSISEPOLIITIKA - SITPROJECT","robots":{"index":"index","follow":"follow","max-snippet":"max-snippet:-1","max-image-preview":"max-image-preview:large","max-video-preview":"max-video-preview:-1"},"canonical":"https:\/\/sitproject.eu\/et\/privaatsus-ja-kupsisepoliitika\/","og_locale":"et_EE","og_type":"article","og_title":"PRIVAATSUS- JA K\u00dcPSISEPOLIITIKA - SITPROJECT","og_description":"Lugupeetud k\u00fclastaja, sellel lehel soovib Padova Kaubandus-, T\u00f6\u00f6stus-, K\u00e4sit\u00f6\u00f6- ja P\u00f5llumajanduskoda (edaspidi Padova Koda) anda teile kogu informatsiooni vastavalt EL m\u00e4\u00e4ruse 2016\/679 artiklile 13 (tuntud ka [\u2026]","og_url":"https:\/\/sitproject.eu\/et\/privaatsus-ja-kupsisepoliitika\/","og_site_name":"SITPROJECT","article_modified_time":"2024-05-29T12:12:49+00:00","twitter_card":"summary_large_image","twitter_misc":{"Est. reading time":"4 minutit"},"schema":{"@context":"https:\/\/schema.org","@graph":[{"@type":"WebPage","@id":"https:\/\/sitproject.eu\/et\/privaatsus-ja-kupsisepoliitika\/","url":"https:\/\/sitproject.eu\/et\/privaatsus-ja-kupsisepoliitika\/","name":"PRIVAATSUS- JA K\u00dcPSISEPOLIITIKA - SITPROJECT","isPartOf":{"@id":"https:\/\/sitproject.eu\/et\/#website"},"datePublished":"2024-05-07T08:56:57+00:00","dateModified":"2024-05-29T12:12:49+00:00","breadcrumb":{"@id":"https:\/\/sitproject.eu\/et\/privaatsus-ja-kupsisepoliitika\/#breadcrumb"},"inLanguage":"et","potentialAction":[{"@type":"ReadAction","target":["https:\/\/sitproject.eu\/et\/privaatsus-ja-kupsisepoliitika\/"]}]},{"@type":"BreadcrumbList","@id":"https:\/\/sitproject.eu\/et\/privaatsus-ja-kupsisepoliitika\/#breadcrumb","itemListElement":[{"@type":"ListItem","position":1,"name":"Home","item":"https:\/\/sitproject.eu\/et\/"},{"@type":"ListItem","position":2,"name":"PRIVAATSUS- JA K\u00dcPSISEPOLIITIKA"}]},{"@type":"WebSite","@id":"https:\/\/sitproject.eu\/et\/#website","url":"https:\/\/sitproject.eu\/et\/","name":"SITPROJECT","description":"SUSTAINABILITY IN TCLF - Textiles, Clothing, Leather, and Footwear sectors","potentialAction":[{"@type":"SearchAction","target":{"@type":"EntryPoint","urlTemplate":"https:\/\/sitproject.eu\/et\/?s={search_term_string}"},"query-input":{"@type":"PropertyValueSpecification","valueRequired":true,"valueName":"search_term_string"}}],"inLanguage":"et"}]}},"_links":{"self":[{"href":"https:\/\/sitproject.eu\/et\/wp-json\/wp\/v2\/pages\/402","targetHints":{"allow":["GET"]}}],"collection":[{"href":"https:\/\/sitproject.eu\/et\/wp-json\/wp\/v2\/pages"}],"about":[{"href":"https:\/\/sitproject.eu\/et\/wp-json\/wp\/v2\/types\/page"}],"author":[{"embeddable":true,"href":"https:\/\/sitproject.eu\/et\/wp-json\/wp\/v2\/users\/1"}],"replies":[{"embeddable":true,"href":"https:\/\/sitproject.eu\/et\/wp-json\/wp\/v2\/comments?post=402"}],"version-history":[{"count":5,"href":"https:\/\/sitproject.eu\/et\/wp-json\/wp\/v2\/pages\/402\/revisions"}],"predecessor-version":[{"id":690,"href":"https:\/\/sitproject.eu\/et\/wp-json\/wp\/v2\/pages\/402\/revisions\/690"}],"wp:attachment":[{"href":"https:\/\/sitproject.eu\/et\/wp-json\/wp\/v2\/media?parent=402"}],"curies":[{"name":"wp","href":"https:\/\/api.w.org\/{rel}","templated":true}]}}