{"id":797,"date":"2024-05-07T11:25:12","date_gmt":"2024-05-07T09:25:12","guid":{"rendered":"https:\/\/sitproject.eu\/request-information-and-subscribe-to-the-newsletter\/"},"modified":"2024-06-12T16:11:16","modified_gmt":"2024-06-12T14:11:16","slug":"vyziadat-si-informacie-a-prihlasit-sa-na-odber-noviniek-newslettra","status":"publish","type":"page","link":"https:\/\/sitproject.eu\/sk\/vyziadat-si-informacie-a-prihlasit-sa-na-odber-noviniek-newslettra\/","title":{"rendered":"Vy\u017eiada\u0165 si inform\u00e1cie a prihl\u00e1si\u0165 sa na odber noviniek newslettra"},"content":{"rendered":"","protected":false},"excerpt":{"rendered":"","protected":false},"author":1,"featured_media":0,"parent":0,"menu_order":0,"comment_status":"closed","ping_status":"closed","template":"","meta":{"_acf_changed":false,"footnotes":""},"class_list":["post-797","page","type-page","status-publish","hentry"],"acf":[],"yoast_head":"<!-- This site is optimized with the Yoast SEO plugin v26.2 - https:\/\/yoast.com\/wordpress\/plugins\/seo\/ -->\n<title>Vy\u017eiada\u0165 si inform\u00e1cie a prihl\u00e1si\u0165 sa na odber noviniek newslettra - SITPROJECT<\/title>\n<meta name=\"robots\" content=\"index, follow, max-snippet:-1, max-image-preview:large, max-video-preview:-1\" \/>\n<link rel=\"canonical\" href=\"https:\/\/sitproject.eu\/sk\/vyziadat-si-informacie-a-prihlasit-sa-na-odber-noviniek-newslettra\/\" \/>\n<meta property=\"og:locale\" content=\"sk_SK\" \/>\n<meta property=\"og:type\" content=\"article\" \/>\n<meta property=\"og:title\" content=\"Vy\u017eiada\u0165 si inform\u00e1cie a prihl\u00e1si\u0165 sa na odber noviniek newslettra - SITPROJECT\" \/>\n<meta property=\"og:url\" content=\"https:\/\/sitproject.eu\/sk\/vyziadat-si-informacie-a-prihlasit-sa-na-odber-noviniek-newslettra\/\" \/>\n<meta property=\"og:site_name\" content=\"SITPROJECT\" \/>\n<meta property=\"article:modified_time\" content=\"2024-06-12T14:11:16+00:00\" \/>\n<meta name=\"twitter:card\" content=\"summary_large_image\" \/>\n<script type=\"application\/ld+json\" class=\"yoast-schema-graph\">{\"@context\":\"https:\/\/schema.org\",\"@graph\":[{\"@type\":\"WebPage\",\"@id\":\"https:\/\/sitproject.eu\/sk\/vyziadat-si-informacie-a-prihlasit-sa-na-odber-noviniek-newslettra\/\",\"url\":\"https:\/\/sitproject.eu\/sk\/vyziadat-si-informacie-a-prihlasit-sa-na-odber-noviniek-newslettra\/\",\"name\":\"Vy\u017eiada\u0165 si inform\u00e1cie a prihl\u00e1si\u0165 sa na odber noviniek newslettra - SITPROJECT\",\"isPartOf\":{\"@id\":\"https:\/\/sitproject.eu\/sk\/#website\"},\"datePublished\":\"2024-05-07T09:25:12+00:00\",\"dateModified\":\"2024-06-12T14:11:16+00:00\",\"breadcrumb\":{\"@id\":\"https:\/\/sitproject.eu\/sk\/vyziadat-si-informacie-a-prihlasit-sa-na-odber-noviniek-newslettra\/#breadcrumb\"},\"inLanguage\":\"sk-SK\",\"potentialAction\":[{\"@type\":\"ReadAction\",\"target\":[\"https:\/\/sitproject.eu\/sk\/vyziadat-si-informacie-a-prihlasit-sa-na-odber-noviniek-newslettra\/\"]}]},{\"@type\":\"BreadcrumbList\",\"@id\":\"https:\/\/sitproject.eu\/sk\/vyziadat-si-informacie-a-prihlasit-sa-na-odber-noviniek-newslettra\/#breadcrumb\",\"itemListElement\":[{\"@type\":\"ListItem\",\"position\":1,\"name\":\"Home\",\"item\":\"https:\/\/sitproject.eu\/sk\/\"},{\"@type\":\"ListItem\",\"position\":2,\"name\":\"Vy\u017eiada\u0165 si inform\u00e1cie a prihl\u00e1si\u0165 sa na odber noviniek newslettra\"}]},{\"@type\":\"WebSite\",\"@id\":\"https:\/\/sitproject.eu\/sk\/#website\",\"url\":\"https:\/\/sitproject.eu\/sk\/\",\"name\":\"SITPROJECT\",\"description\":\"SUSTAINABILITY IN TCLF - Textiles, Clothing, Leather, and Footwear sectors\",\"potentialAction\":[{\"@type\":\"SearchAction\",\"target\":{\"@type\":\"EntryPoint\",\"urlTemplate\":\"https:\/\/sitproject.eu\/sk\/?s={search_term_string}\"},\"query-input\":{\"@type\":\"PropertyValueSpecification\",\"valueRequired\":true,\"valueName\":\"search_term_string\"}}],\"inLanguage\":\"sk-SK\"}]}<\/script>\n<!-- \/ Yoast SEO plugin. -->","yoast_head_json":{"title":"Vy\u017eiada\u0165 si inform\u00e1cie a prihl\u00e1si\u0165 sa na odber noviniek newslettra - SITPROJECT","robots":{"index":"index","follow":"follow","max-snippet":"max-snippet:-1","max-image-preview":"max-image-preview:large","max-video-preview":"max-video-preview:-1"},"canonical":"https:\/\/sitproject.eu\/sk\/vyziadat-si-informacie-a-prihlasit-sa-na-odber-noviniek-newslettra\/","og_locale":"sk_SK","og_type":"article","og_title":"Vy\u017eiada\u0165 si inform\u00e1cie a prihl\u00e1si\u0165 sa na odber noviniek newslettra - SITPROJECT","og_url":"https:\/\/sitproject.eu\/sk\/vyziadat-si-informacie-a-prihlasit-sa-na-odber-noviniek-newslettra\/","og_site_name":"SITPROJECT","article_modified_time":"2024-06-12T14:11:16+00:00","twitter_card":"summary_large_image","schema":{"@context":"https:\/\/schema.org","@graph":[{"@type":"WebPage","@id":"https:\/\/sitproject.eu\/sk\/vyziadat-si-informacie-a-prihlasit-sa-na-odber-noviniek-newslettra\/","url":"https:\/\/sitproject.eu\/sk\/vyziadat-si-informacie-a-prihlasit-sa-na-odber-noviniek-newslettra\/","name":"Vy\u017eiada\u0165 si inform\u00e1cie a prihl\u00e1si\u0165 sa na odber noviniek newslettra - SITPROJECT","isPartOf":{"@id":"https:\/\/sitproject.eu\/sk\/#website"},"datePublished":"2024-05-07T09:25:12+00:00","dateModified":"2024-06-12T14:11:16+00:00","breadcrumb":{"@id":"https:\/\/sitproject.eu\/sk\/vyziadat-si-informacie-a-prihlasit-sa-na-odber-noviniek-newslettra\/#breadcrumb"},"inLanguage":"sk-SK","potentialAction":[{"@type":"ReadAction","target":["https:\/\/sitproject.eu\/sk\/vyziadat-si-informacie-a-prihlasit-sa-na-odber-noviniek-newslettra\/"]}]},{"@type":"BreadcrumbList","@id":"https:\/\/sitproject.eu\/sk\/vyziadat-si-informacie-a-prihlasit-sa-na-odber-noviniek-newslettra\/#breadcrumb","itemListElement":[{"@type":"ListItem","position":1,"name":"Home","item":"https:\/\/sitproject.eu\/sk\/"},{"@type":"ListItem","position":2,"name":"Vy\u017eiada\u0165 si inform\u00e1cie a prihl\u00e1si\u0165 sa na odber noviniek newslettra"}]},{"@type":"WebSite","@id":"https:\/\/sitproject.eu\/sk\/#website","url":"https:\/\/sitproject.eu\/sk\/","name":"SITPROJECT","description":"SUSTAINABILITY IN TCLF - Textiles, Clothing, Leather, and Footwear sectors","potentialAction":[{"@type":"SearchAction","target":{"@type":"EntryPoint","urlTemplate":"https:\/\/sitproject.eu\/sk\/?s={search_term_string}"},"query-input":{"@type":"PropertyValueSpecification","valueRequired":true,"valueName":"search_term_string"}}],"inLanguage":"sk-SK"}]}},"_links":{"self":[{"href":"https:\/\/sitproject.eu\/sk\/wp-json\/wp\/v2\/pages\/797","targetHints":{"allow":["GET"]}}],"collection":[{"href":"https:\/\/sitproject.eu\/sk\/wp-json\/wp\/v2\/pages"}],"about":[{"href":"https:\/\/sitproject.eu\/sk\/wp-json\/wp\/v2\/types\/page"}],"author":[{"embeddable":true,"href":"https:\/\/sitproject.eu\/sk\/wp-json\/wp\/v2\/users\/1"}],"replies":[{"embeddable":true,"href":"https:\/\/sitproject.eu\/sk\/wp-json\/wp\/v2\/comments?post=797"}],"version-history":[{"count":2,"href":"https:\/\/sitproject.eu\/sk\/wp-json\/wp\/v2\/pages\/797\/revisions"}],"predecessor-version":[{"id":845,"href":"https:\/\/sitproject.eu\/sk\/wp-json\/wp\/v2\/pages\/797\/revisions\/845"}],"wp:attachment":[{"href":"https:\/\/sitproject.eu\/sk\/wp-json\/wp\/v2\/media?parent=797"}],"curies":[{"name":"wp","href":"https:\/\/api.w.org\/{rel}","templated":true}]}}